{"id":324,"date":"2016-11-22T18:10:46","date_gmt":"2016-11-22T17:10:46","guid":{"rendered":"http:\/\/www.life-chimera.eu\/?page_id=324\/"},"modified":"2022-06-13T09:25:07","modified_gmt":"2022-06-13T08:25:07","slug":"process","status":"publish","type":"page","link":"https:\/\/www.life-chimera.eu\/it\/process\/","title":{"rendered":"Processo"},"content":{"rendered":"<p><strong>CHIMERA<\/strong> \u00e8 un impianto di piccola taglia (15\u00d79\u00d76 m) che funziona a ciclo continuo. Negli allevamenti di broiler, dove la produzione di deiezioni avicole \u00e8 discontinua, deve essere gestita una quantit\u00e0 minima di stoccaggio. Negli allevamenti di ovaiole, dove la produzione di pollina \u00e8 continua, la gestione \u00e8 immediata: tramite un nastro trasportatore, le deiezioni vengono portate nell\u2019impianto e trasformate in fertilizzante ed energia.<\/p>\n<p>L\u2019innovazione tecnologica presente nel <strong>bruciatore<\/strong> permette un trattamento dei fumi pi\u00f9 efficiente e di combinare le sostanze organiche dei fumi con quelle inorganiche delle ceneri.<\/p>\n<p>Al termine del processo si ottiene un sottoprodotto: tramite decanter, viene separata la parte liquida dalla parte solida. La parte liquida viene reimmessa nel circuito di trattamento fumi, senza consumo di acqua da parte dell\u2019impianto. La parte secca, ha le caratteristiche di un fertilizzante dotato di azoto, fosforo e potassio, utilizzabile per la coltivazione di cereali.<\/p>\n<p><strong>Fatta 10 la quantit\u00e0 di pollina inserita nell\u2019impianto, le quantit\u00e0 di fertilizzanti saranno pari a 1. <\/strong><\/p>\n<p>Il <strong>calore<\/strong> prodotto durante la combustione viene trasportato attraverso appositi tubi nei capannoni adibiti ad allevamento e, in parte, trasformato in energia elettrica utile a far funzionare gli impianti.<\/p>\n<p>L&#8217;<strong>acqua<\/strong> ottenuta dal trattamento della pollina, che \u00e8 una sostanza estremamente umida, viene completamente riutilizzata per idratare le ceneri e abbattere le emissioni contenute nei fumi.<\/p>\n<p>I primi due prototipi sono stati realizzati in Italia, nelle Marche, mentre l\u2019impianto pilota entra in funzione nel 2022 nella sede di Renders&amp;Renders, nella regione del Noord-Brabant, in Olanda.<\/p>\n","protected":false},"excerpt":{"rendered":"<p>CHIMERA \u00e8 un impianto di piccola taglia (15\u00d79\u00d76 m) che funziona a ciclo continuo. Negli allevamenti di broiler, dove la produzione di deiezioni avicole \u00e8 discontinua, deve essere gestita una quantit\u00e0 minima di stoccaggio. Negli allevamenti di ovaiole, dove la produzione di pollina \u00e8 continua, la gestione \u00e8 immediata: tramite un nastro trasportatore, le deiezioni<\/p>\n<div class=\"clearfix\"><\/div>\n<p><a class=\"more-link\" href=\"https:\/\/www.life-chimera.eu\/it\/process\/\">Read More<\/a><\/p>\n","protected":false},"author":1,"featured_media":0,"parent":0,"menu_order":0,"comment_status":"closed","ping_status":"closed","template":"","meta":{"_acf_changed":false,"footnotes":""},"class_list":["post-324","page","type-page","status-publish","hentry"],"acf":[],"yoast_head":"<!-- This site is optimized with the Yoast SEO plugin v27.2 - https:\/\/yoast.com\/product\/yoast-seo-wordpress\/ -->\n<title>Processo - Chimera<\/title>\n<meta name=\"robots\" content=\"noindex, nofollow\" \/>\n<meta property=\"og:locale\" content=\"it_IT\" \/>\n<meta property=\"og:type\" content=\"article\" \/>\n<meta property=\"og:title\" content=\"Processo - Chimera\" \/>\n<meta property=\"og:description\" content=\"CHIMERA \u00e8 un impianto di piccola taglia (15\u00d79\u00d76 m) che funziona a ciclo continuo. Negli allevamenti di broiler, dove la produzione di deiezioni avicole \u00e8 discontinua, deve essere gestita una quantit\u00e0 minima di stoccaggio. Negli allevamenti di ovaiole, dove la produzione di pollina \u00e8 continua, la gestione \u00e8 immediata: tramite un nastro trasportatore, le deiezioniRead More\" \/>\n<meta property=\"og:url\" content=\"https:\/\/www.life-chimera.eu\/it\/process\/\" \/>\n<meta property=\"og:site_name\" content=\"Chimera\" \/>\n<meta property=\"article:modified_time\" content=\"2022-06-13T08:25:07+00:00\" \/>\n<meta name=\"twitter:card\" content=\"summary_large_image\" \/>\n<meta name=\"twitter:label1\" content=\"Est. reading time\" \/>\n\t<meta name=\"twitter:data1\" content=\"3 minutes\" \/>\n<script type=\"application\/ld+json\" class=\"yoast-schema-graph\">{\"@context\":\"https:\/\/schema.org\",\"@graph\":[{\"@type\":\"WebPage\",\"@id\":\"https:\/\/www.life-chimera.eu\/it\/process\/\",\"url\":\"https:\/\/www.life-chimera.eu\/it\/process\/\",\"name\":\"Processo - Chimera\",\"isPartOf\":{\"@id\":\"https:\/\/www.life-chimera.eu\/#website\"},\"datePublished\":\"2016-11-22T17:10:46+00:00\",\"dateModified\":\"2022-06-13T08:25:07+00:00\",\"breadcrumb\":{\"@id\":\"https:\/\/www.life-chimera.eu\/it\/process\/#breadcrumb\"},\"inLanguage\":\"it-IT\",\"potentialAction\":[{\"@type\":\"ReadAction\",\"target\":[\"https:\/\/www.life-chimera.eu\/it\/process\/\"]}]},{\"@type\":\"BreadcrumbList\",\"@id\":\"https:\/\/www.life-chimera.eu\/it\/process\/#breadcrumb\",\"itemListElement\":[{\"@type\":\"ListItem\",\"position\":1,\"name\":\"Home\",\"item\":\"https:\/\/www.life-chimera.eu\/\"},{\"@type\":\"ListItem\",\"position\":2,\"name\":\"Processo\"}]},{\"@type\":\"WebSite\",\"@id\":\"https:\/\/www.life-chimera.eu\/#website\",\"url\":\"https:\/\/www.life-chimera.eu\/\",\"name\":\"Chimera\",\"description\":\"Build Eco Practices\",\"potentialAction\":[{\"@type\":\"SearchAction\",\"target\":{\"@type\":\"EntryPoint\",\"urlTemplate\":\"https:\/\/www.life-chimera.eu\/?s={search_term_string}\"},\"query-input\":{\"@type\":\"PropertyValueSpecification\",\"valueRequired\":true,\"valueName\":\"search_term_string\"}}],\"inLanguage\":\"it-IT\"}]}<\/script>\n<!-- \/ Yoast SEO plugin. -->","yoast_head_json":{"title":"Processo - Chimera","robots":{"index":"noindex","follow":"nofollow"},"og_locale":"it_IT","og_type":"article","og_title":"Processo - Chimera","og_description":"CHIMERA \u00e8 un impianto di piccola taglia (15\u00d79\u00d76 m) che funziona a ciclo continuo. Negli allevamenti di broiler, dove la produzione di deiezioni avicole \u00e8 discontinua, deve essere gestita una quantit\u00e0 minima di stoccaggio. Negli allevamenti di ovaiole, dove la produzione di pollina \u00e8 continua, la gestione \u00e8 immediata: tramite un nastro trasportatore, le deiezioniRead More","og_url":"https:\/\/www.life-chimera.eu\/it\/process\/","og_site_name":"Chimera","article_modified_time":"2022-06-13T08:25:07+00:00","twitter_card":"summary_large_image","twitter_misc":{"Est. reading time":"3 minutes"},"schema":{"@context":"https:\/\/schema.org","@graph":[{"@type":"WebPage","@id":"https:\/\/www.life-chimera.eu\/it\/process\/","url":"https:\/\/www.life-chimera.eu\/it\/process\/","name":"Processo - Chimera","isPartOf":{"@id":"https:\/\/www.life-chimera.eu\/#website"},"datePublished":"2016-11-22T17:10:46+00:00","dateModified":"2022-06-13T08:25:07+00:00","breadcrumb":{"@id":"https:\/\/www.life-chimera.eu\/it\/process\/#breadcrumb"},"inLanguage":"it-IT","potentialAction":[{"@type":"ReadAction","target":["https:\/\/www.life-chimera.eu\/it\/process\/"]}]},{"@type":"BreadcrumbList","@id":"https:\/\/www.life-chimera.eu\/it\/process\/#breadcrumb","itemListElement":[{"@type":"ListItem","position":1,"name":"Home","item":"https:\/\/www.life-chimera.eu\/"},{"@type":"ListItem","position":2,"name":"Processo"}]},{"@type":"WebSite","@id":"https:\/\/www.life-chimera.eu\/#website","url":"https:\/\/www.life-chimera.eu\/","name":"Chimera","description":"Build Eco Practices","potentialAction":[{"@type":"SearchAction","target":{"@type":"EntryPoint","urlTemplate":"https:\/\/www.life-chimera.eu\/?s={search_term_string}"},"query-input":{"@type":"PropertyValueSpecification","valueRequired":true,"valueName":"search_term_string"}}],"inLanguage":"it-IT"}]}},"_links":{"self":[{"href":"https:\/\/www.life-chimera.eu\/it\/wp-json\/wp\/v2\/pages\/324","targetHints":{"allow":["GET"]}}],"collection":[{"href":"https:\/\/www.life-chimera.eu\/it\/wp-json\/wp\/v2\/pages"}],"about":[{"href":"https:\/\/www.life-chimera.eu\/it\/wp-json\/wp\/v2\/types\/page"}],"author":[{"embeddable":true,"href":"https:\/\/www.life-chimera.eu\/it\/wp-json\/wp\/v2\/users\/1"}],"replies":[{"embeddable":true,"href":"https:\/\/www.life-chimera.eu\/it\/wp-json\/wp\/v2\/comments?post=324"}],"version-history":[{"count":5,"href":"https:\/\/www.life-chimera.eu\/it\/wp-json\/wp\/v2\/pages\/324\/revisions"}],"predecessor-version":[{"id":3082,"href":"https:\/\/www.life-chimera.eu\/it\/wp-json\/wp\/v2\/pages\/324\/revisions\/3082"}],"wp:attachment":[{"href":"https:\/\/www.life-chimera.eu\/it\/wp-json\/wp\/v2\/media?parent=324"}],"curies":[{"name":"wp","href":"https:\/\/api.w.org\/{rel}","templated":true}]}}